{"id":97,"date":"2019-05-23T09:44:37","date_gmt":"2019-05-23T07:44:37","guid":{"rendered":"http:\/\/duolifemarseille.best\/?page_id=97"},"modified":"2022-01-25T10:31:16","modified_gmt":"2022-01-25T09:31:16","slug":"questions-reponses","status":"publish","type":"page","link":"https:\/\/duolifemarseille.best\/index.php\/questions-reponses\/","title":{"rendered":"Questions &#8211; r\u00e9ponses&#8230;"},"content":{"rendered":"\n<p><strong>Ceci n&#8217;est pas le site officiel de DuoLife.                                                                                                                                   DuoLife n&#8217;est pas responsable du contenu publi\u00e9 sur ce site.<\/strong><\/p>\n\n\n\n<p>Nos produits sont tellement incroyables en termes de concentration produits, de qualit\u00e9s nutritionnelles, de certification et de fabrication dans un total respect environnemental que nombre d&#8217;entre-vous ont besoin de confirmer certains points avec de les tester. <\/p>\n\n\n\n<p><a href=\"https:\/\/duolifemarseille.myduolife.com\/shop.html\" target=\"_blank\" rel=\"noreferrer noopener\" aria-label=\"N'h\u00e9sitez pas \u00e0 poser vos questions : allez sur les pages &quot;informations&quot; puis &quot;Questions les plus pos\u00e9es&quot;. (s\u2019ouvre dans un nouvel onglet)\">N&#8217;h\u00e9sitez pas \u00e0 poser vos questions : allez sur les pages &#8220;informations&#8221; puis &#8220;Questions les plus pos\u00e9es&#8221;.<\/a> <\/p>\n\n\n\n<p><\/p>\n","protected":false},"excerpt":{"rendered":"<p>Ceci n&#8217;est pas le site officiel de DuoLife. DuoLife n&#8217;est pas responsable du contenu publi\u00e9 sur ce site. Nos produits sont tellement incroyables en termes de concentration produits, de qualit\u00e9s nutritionnelles, de certification et de fabrication dans un total respect environnemental que nombre d&#8217;entre-vous ont besoin de confirmer certains points avec de les tester. N&#8217;h\u00e9sitez &hellip; <\/p>\n<p class=\"link-more\"><a href=\"https:\/\/duolifemarseille.best\/index.php\/questions-reponses\/\" class=\"more-link\">Continue reading<span class=\"screen-reader-text\"> &#8220;Questions &#8211; r\u00e9ponses&#8230;&#8221;<\/span><\/a><\/p>\n","protected":false},"author":1,"featured_media":0,"parent":0,"menu_order":0,"comment_status":"closed","ping_status":"closed","template":"","meta":[],"_links":{"self":[{"href":"https:\/\/duolifemarseille.best\/index.php\/wp-json\/wp\/v2\/pages\/97"}],"collection":[{"href":"https:\/\/duolifemarseille.best\/index.php\/wp-json\/wp\/v2\/pages"}],"about":[{"href":"https:\/\/duolifemarseille.best\/index.php\/wp-json\/wp\/v2\/types\/page"}],"author":[{"embeddable":true,"href":"https:\/\/duolifemarseille.best\/index.php\/wp-json\/wp\/v2\/users\/1"}],"replies":[{"embeddable":true,"href":"https:\/\/duolifemarseille.best\/index.php\/wp-json\/wp\/v2\/comments?post=97"}],"version-history":[{"count":6,"href":"https:\/\/duolifemarseille.best\/index.php\/wp-json\/wp\/v2\/pages\/97\/revisions"}],"predecessor-version":[{"id":790,"href":"https:\/\/duolifemarseille.best\/index.php\/wp-json\/wp\/v2\/pages\/97\/revisions\/790"}],"wp:attachment":[{"href":"https:\/\/duolifemarseille.best\/index.php\/wp-json\/wp\/v2\/media?parent=97"}],"curies":[{"name":"wp","href":"https:\/\/api.w.org\/{rel}","templated":true}]}}