{"id":73,"date":"2019-05-21T16:48:53","date_gmt":"2019-05-21T14:48:53","guid":{"rendered":"http:\/\/duolifemarseille.best\/?page_id=73"},"modified":"2022-01-25T10:30:00","modified_gmt":"2022-01-25T09:30:00","slug":"certificats-labels-qualites-produits","status":"publish","type":"page","link":"https:\/\/duolifemarseille.best\/index.php\/certificats-labels-qualites-produits\/","title":{"rendered":"Certificats, labels qualit\u00e9s produits"},"content":{"rendered":"\n<p><strong>Ceci n&#8217;est pas le site officiel de DuoLife.                                                                                                                                   DuoLife n&#8217;est pas responsable du contenu publi\u00e9 sur ce site.<\/strong><\/p>\n\n\n\n<p>DuoLife s\u2019est vu attribu\u00e9 les plus prestigieux labels, certificats, prix Nobel et r\u00e9compenses pour la qualit\u00e9 de ses produits et de leur fabrication selon les plus hautes normes bio et environnementales.<\/p>\n\n\n\n<p><strong><a rel=\"noreferrer noopener\" aria-label=\"Liste des r\u00e9compenses. Allez sur &quot;\u00e0 propos de nous&quot; puis &quot;R\u00e9compenses et certificats&quot;.  (s\u2019ouvre dans un nouvel onglet)\" href=\"http:\/\/duolifemarseille.myduolife.com\/shop.html\" target=\"_blank\">Liste des r\u00e9compenses<\/a><\/strong><a rel=\"noreferrer noopener\" aria-label=\"Liste des r\u00e9compenses. Allez sur &quot;\u00e0 propos de nous&quot; puis &quot;R\u00e9compenses et certificats&quot;.  (s\u2019ouvre dans un nouvel onglet)\" href=\"http:\/\/duolifemarseille.myduolife.com\/shop.html\" target=\"_blank\"> <\/a>: cliquez sur &#8220;\u00e0 propos de nous&#8221; puis &#8220;R\u00e9compenses et certificats&#8221;. <\/p>\n\n\n\n<blockquote class=\"wp-block-quote\"><p>En cr\u00e9ant des produits pour des milliers de gens de part le monde, nous sommes conscients de nos responsabilit\u00e9s. Pour cette raison, nous nous effor\u00e7ons de respecter les normes et standards europ\u00e9ens les plus \u00e9lev\u00e9s.<\/p><p>Notre particularit\u00e9 est notre approche qualitative qui va de la graine au produit fini. Nos efforts se portent sur le choix et la s\u00e9lection de plantations naturelles au sein des r\u00e9gions les plus pr\u00e9serv\u00e9es, ainsi que sur des produits non-modifi\u00e9s de quelques mani\u00e8res que ce soit.<\/p><p>L\u2019agriculture biologique nous garantit que les plantes \u00e0 partir desquelles nous fabriquons les extraits pour nos produits, sont riches de toutes les substances n\u00e9cessaires pour votre organisme.<\/p><p>La parfaite association de notre g\u00e9n\u00e9reuse nature et des d\u00e9couvertes scientifiques les plus r\u00e9centes ont permis de cr\u00e9er une gamme de compl\u00e9ments alimentaires de tr\u00e8s haute efficacit\u00e9.<\/p><p>Nous avons la certitude que les produits DuoLife sont la meilleure chose que nous pouvons vous offrir.<\/p><cite> Droits d\u2019auteur \u00a9 2008-2019 DuoLife S.A. <\/cite><\/blockquote>\n\n\n\n<p><\/p>\n","protected":false},"excerpt":{"rendered":"<p>Ceci n&#8217;est pas le site officiel de DuoLife. DuoLife n&#8217;est pas responsable du contenu publi\u00e9 sur ce site. DuoLife s\u2019est vu attribu\u00e9 les plus prestigieux labels, certificats, prix Nobel et r\u00e9compenses pour la qualit\u00e9 de ses produits et de leur fabrication selon les plus hautes normes bio et environnementales. Liste des r\u00e9compenses : cliquez sur &hellip; <\/p>\n<p class=\"link-more\"><a href=\"https:\/\/duolifemarseille.best\/index.php\/certificats-labels-qualites-produits\/\" class=\"more-link\">Continue reading<span class=\"screen-reader-text\"> &#8220;Certificats, labels qualit\u00e9s produits&#8221;<\/span><\/a><\/p>\n","protected":false},"author":1,"featured_media":0,"parent":0,"menu_order":0,"comment_status":"closed","ping_status":"closed","template":"","meta":[],"_links":{"self":[{"href":"https:\/\/duolifemarseille.best\/index.php\/wp-json\/wp\/v2\/pages\/73"}],"collection":[{"href":"https:\/\/duolifemarseille.best\/index.php\/wp-json\/wp\/v2\/pages"}],"about":[{"href":"https:\/\/duolifemarseille.best\/index.php\/wp-json\/wp\/v2\/types\/page"}],"author":[{"embeddable":true,"href":"https:\/\/duolifemarseille.best\/index.php\/wp-json\/wp\/v2\/users\/1"}],"replies":[{"embeddable":true,"href":"https:\/\/duolifemarseille.best\/index.php\/wp-json\/wp\/v2\/comments?post=73"}],"version-history":[{"count":15,"href":"https:\/\/duolifemarseille.best\/index.php\/wp-json\/wp\/v2\/pages\/73\/revisions"}],"predecessor-version":[{"id":787,"href":"https:\/\/duolifemarseille.best\/index.php\/wp-json\/wp\/v2\/pages\/73\/revisions\/787"}],"wp:attachment":[{"href":"https:\/\/duolifemarseille.best\/index.php\/wp-json\/wp\/v2\/media?parent=73"}],"curies":[{"name":"wp","href":"https:\/\/api.w.org\/{rel}","templated":true}]}}