{"id":61,"date":"2019-05-21T11:50:06","date_gmt":"2019-05-21T09:50:06","guid":{"rendered":"http:\/\/duolifemarseille.best\/?page_id=61"},"modified":"2023-03-29T11:39:58","modified_gmt":"2023-03-29T09:39:58","slug":"les-produits","status":"publish","type":"page","link":"https:\/\/duolifemarseille.best\/index.php\/les-produits\/","title":{"rendered":"Les produits DuoLife"},"content":{"rendered":"\n<p><strong>Ceci n&#8217;est pas le site officiel de DuoLife.                                                                                                              DuoLife n&#8217;est pas responsable du contenu publi\u00e9 sur ce site.<\/strong><\/p>\n\n\n\n<p>DuoLife propose une <strong>gamme compl\u00e8te de compl\u00e9ments alimentaires sant\u00e9,   d\u00e9tox, bien-\u00eatre, vitalit\u00e9, des phytonutriments 100% bio, 100%   naturels.<\/strong> Des produits <strong>extr\u00eamement bien \u00e9tudi\u00e9s<\/strong>, d\u00e9fiant toute  concurrence au niveau de leur <strong>concentration<\/strong>, au niveau de leur  <strong>tra\u00e7abilit\u00e9<\/strong>, de leur fabrication et de leurs <strong>prix de vente tout \u00e0 fait  accessibles. <\/strong> <\/p>\n\n\n\n<p><strong>Principaux\nbienfaits<\/strong>&nbsp;:\naide \u00e0 la perte de poids, comble les carences, am\u00e9liore le transit, r\u00e9g\u00e9n\u00e8re\nles cellules, am\u00e9liore le sommeil, renforce le syst\u00e8me immunitaire et\ncardio-vasculaire, aide \u00e0 la repousse des cheveux les rends plus forts plus\nbrillants et leur donne du volume, apport d\u2019antioxydants, combat le stress et\nles migraines, am\u00e9liore les traumatismes articulaires les tendinites, r\u00e9duits\nles allergies, prot\u00e8ge contre les processus de vieillissement, r\u00e9duits les\nrides et redonne du tonus \u00e0 la peau.\n\n\n\n<\/p>\n\n\n\n<p><strong>Cliquez ci-dessous pour d\u00e9couvrir&nbsp;vos&nbsp;produits DuoLife :<\/strong><\/p>\n\n\n\n<p><a href=\"http:\/\/duolifemarseille.best\/index.php\/les-produits\/presentation-des-produits\/\">Compl\u00e9ments liquides<\/a>     &nbsp;&nbsp;&nbsp;&nbsp;&nbsp;&nbsp;&nbsp;&nbsp; <a href=\"http:\/\/duolifemarseille.best\/index.php\/les-produits\/les-complements-capsules\/\">Compl\u00e9ments capsules<\/a> <\/p>\n\n\n\n<p><a href=\"http:\/\/duolifemarseille.best\/index.php\/shape-code-silhouette-perte-de-poids\/\">Shape code &#8220;silhouette &#8211; perte de poids<\/a>\u00a0\u00a0\u00a0\u00a0\u00a0\u00a0\u00a0\u00a0\u00a0\u00a0\u00a0\u00a0\u00a0<a href=\"http:\/\/duolifemarseille.best\/index.php\/les-produits\/barres-hi5-beesnap\/\">DuoLife Hi5<\/a><\/p>\n\n\n\n<p><a href=\"http:\/\/duolifemarseille.best\/index.php\/cosmetiques\/\">Cosm\u00e9tiques<\/a><\/p>\n\n\n\n<p class=\"has-vivid-cyan-blue-color has-text-color\"><strong><em>Pour commander : <a href=\"http:\/\/duolifemarseille.best\/index.php\/boutique\/\">BOUTIQUE<\/a> <\/em><\/strong><\/p>\n\n\n\n<figure class=\"wp-block-image\"><img loading=\"lazy\" width=\"1024\" height=\"158\" src=\"http:\/\/duolifemarseille.best\/wp-content\/uploads\/2020\/09\/Banner-inter-article-10-1024x158.jpg\" alt=\"\" class=\"wp-image-732\" srcset=\"https:\/\/duolifemarseille.best\/wp-content\/uploads\/2020\/09\/Banner-inter-article-10-1024x158.jpg 1024w, https:\/\/duolifemarseille.best\/wp-content\/uploads\/2020\/09\/Banner-inter-article-10-300x46.jpg 300w, https:\/\/duolifemarseille.best\/wp-content\/uploads\/2020\/09\/Banner-inter-article-10-768x118.jpg 768w, https:\/\/duolifemarseille.best\/wp-content\/uploads\/2020\/09\/Banner-inter-article-10-350x54.jpg 350w, https:\/\/duolifemarseille.best\/wp-content\/uploads\/2020\/09\/Banner-inter-article-10.jpg 1920w\" sizes=\"(max-width: 767px) 89vw, (max-width: 1000px) 54vw, (max-width: 1071px) 543px, 580px\" \/><\/figure>\n\n\n\n<p class=\"has-vivid-cyan-blue-color has-text-color\"><\/p>\n","protected":false},"excerpt":{"rendered":"<p>Ceci n&#8217;est pas le site officiel de DuoLife. DuoLife n&#8217;est pas responsable du contenu publi\u00e9 sur ce site. DuoLife propose une gamme compl\u00e8te de compl\u00e9ments alimentaires sant\u00e9, d\u00e9tox, bien-\u00eatre, vitalit\u00e9, des phytonutriments 100% bio, 100% naturels. Des produits extr\u00eamement bien \u00e9tudi\u00e9s, d\u00e9fiant toute concurrence au niveau de leur concentration, au niveau de leur tra\u00e7abilit\u00e9, de &hellip; <\/p>\n<p class=\"link-more\"><a href=\"https:\/\/duolifemarseille.best\/index.php\/les-produits\/\" class=\"more-link\">Continue reading<span class=\"screen-reader-text\"> &#8220;Les produits DuoLife&#8221;<\/span><\/a><\/p>\n","protected":false},"author":1,"featured_media":0,"parent":0,"menu_order":2,"comment_status":"closed","ping_status":"closed","template":"","meta":[],"_links":{"self":[{"href":"https:\/\/duolifemarseille.best\/index.php\/wp-json\/wp\/v2\/pages\/61"}],"collection":[{"href":"https:\/\/duolifemarseille.best\/index.php\/wp-json\/wp\/v2\/pages"}],"about":[{"href":"https:\/\/duolifemarseille.best\/index.php\/wp-json\/wp\/v2\/types\/page"}],"author":[{"embeddable":true,"href":"https:\/\/duolifemarseille.best\/index.php\/wp-json\/wp\/v2\/users\/1"}],"replies":[{"embeddable":true,"href":"https:\/\/duolifemarseille.best\/index.php\/wp-json\/wp\/v2\/comments?post=61"}],"version-history":[{"count":82,"href":"https:\/\/duolifemarseille.best\/index.php\/wp-json\/wp\/v2\/pages\/61\/revisions"}],"predecessor-version":[{"id":815,"href":"https:\/\/duolifemarseille.best\/index.php\/wp-json\/wp\/v2\/pages\/61\/revisions\/815"}],"wp:attachment":[{"href":"https:\/\/duolifemarseille.best\/index.php\/wp-json\/wp\/v2\/media?parent=61"}],"curies":[{"name":"wp","href":"https:\/\/api.w.org\/{rel}","templated":true}]}}