{"id":552,"date":"2019-09-03T11:37:11","date_gmt":"2019-09-03T09:37:11","guid":{"rendered":"http:\/\/duolifemarseille.best\/?page_id=552"},"modified":"2022-01-25T10:31:40","modified_gmt":"2022-01-25T09:31:40","slug":"qui-sommes-nous","status":"publish","type":"page","link":"https:\/\/duolifemarseille.best\/index.php\/qui-sommes-nous\/","title":{"rendered":"Qui sommes-nous ?"},"content":{"rendered":"\n<p><strong>Ceci n&#8217;est pas le site officiel de DuoLife.                                                                                                                                   DuoLife n&#8217;est pas responsable du contenu publi\u00e9 sur ce site.<\/strong><\/p>\n\n\n\n<h2><strong>DuoLife est une r\u00e9ponse  aux besoins du march\u00e9. <\/strong><\/h2>\n\n\n\n<p> Ses 4 fondateurs sont issus pour deux d\u2019entre eux du monde de l\u2019entreprise et du marketing r\u00e9seau, les deux autres se sont sp\u00e9cialis\u00e9s dans la finance. Chacun d\u2019eux a d\u00e9velopp\u00e9 sa carri\u00e8re autour de la sant\u00e9, la nutrition ou encore le sport. Ce sont ces \u00e9l\u00e9ments communs qui les ont fait s\u2019associer pour cr\u00e9er DuoLife. <\/p>\n\n\n\n<p>Cette marque, cr\u00e9\u00e9e avec le plus grand souci des d\u00e9tails, renforce sa position sur le march\u00e9 polonais et europ\u00e9en chaque jour.  <\/p>\n\n\n\n<p>DuoLife est une communaut\u00e9 li\u00e9e par la passion, l\u2019enthousiasme et un \nobjectif commun. Nous t\u00e2chons d\u2019\u00eatre toujours un pas en avance sur les \nautres. <\/p>\n\n\n\n<p>Des milliers d\u2019heures de travail d\u2019un groupe d\u2019experts et  sp\u00e9cialistes en domaines vari\u00e9s, de multiples consultations et un  objectif commun ont port\u00e9 leurs fruits avec une gamme de produits exceptionnels.<\/p>\n\n\n\n<p>\nDuoLife s\u2019est vu attribu\u00e9 les plus prestigieux labels, certificats, prix\n Nobel et r\u00e9compenses pour la qualit\u00e9 de ses produits et de leur \nfabrication selon les plus hautes normes bio et environnementales.\n\n<\/p>\n\n\n\n<p>DuoLife propose une <strong>gamme compl\u00e8te de compl\u00e9ments alimentaires sant\u00e9,   d\u00e9tox, bien-\u00eatre, vitalit\u00e9, des phytonutriments 100% bio, 100% naturels.<\/strong> Des produits <strong>extr\u00eamement bien \u00e9tudi\u00e9s<\/strong>, d\u00e9fiant toute  concurrence au niveau de leur <strong>concentration<\/strong>, au niveau de leur  <strong>tra\u00e7abilit\u00e9<\/strong>, de leur fabrication et de leurs <strong>prix de vente tout \u00e0 fait  accessibles. <\/strong><\/p>\n\n\n\n<p><strong>Cliquez ci-dessous pour d\u00e9couvrir&nbsp;vos&nbsp;produits DuoLife :<\/strong><\/p>\n\n\n\n<p><a href=\"http:\/\/duolifemarseille.best\/index.php\/les-produits\/presentation-des-produits\/\">Compl\u00e9ments liquides<\/a>     &nbsp;&nbsp;&nbsp;&nbsp;&nbsp;&nbsp;&nbsp;&nbsp; <a href=\"http:\/\/duolifemarseille.best\/index.php\/les-produits\/les-complements-capsules\/\">Compl\u00e9ments capsules<\/a> <\/p>\n\n\n\n<p><a href=\"http:\/\/duolifemarseille.best\/index.php\/les-produits\/barres-hi5-beesnap\/\">Barres Hi5 BeeSNAP<\/a>&nbsp;&nbsp;&nbsp;&nbsp;&nbsp;&nbsp;&nbsp;&nbsp;&nbsp;&nbsp;&nbsp;&nbsp;&nbsp;<a href=\"http:\/\/duolifemarseille.best\/index.php\/les-produits\/packs-duolife\/\">Nos packs sant\u00e9 bien-\u00eatre<\/a><\/p>\n\n\n\n<p><a href=\"http:\/\/duolifemarseille.best\/index.php\/cosmetiques\/\">Cosm\u00e9tiques<\/a><\/p>\n\n\n\n<p class=\"has-text-color has-vivid-cyan-blue-color\"><strong><em>Pour commander : <a href=\"http:\/\/duolifemarseille.best\/index.php\/boutique\/\">BOUTIQUE<\/a><\/em><\/strong><\/p>\n\n\n\n<figure class=\"wp-block-image\"><img loading=\"lazy\" width=\"1024\" height=\"158\" src=\"http:\/\/duolifemarseille.best\/wp-content\/uploads\/2019\/08\/Banner-inter-article-1-1024x158.jpg\" alt=\"\" class=\"wp-image-527\" srcset=\"https:\/\/duolifemarseille.best\/wp-content\/uploads\/2019\/08\/Banner-inter-article-1-1024x158.jpg 1024w, https:\/\/duolifemarseille.best\/wp-content\/uploads\/2019\/08\/Banner-inter-article-1-300x46.jpg 300w, https:\/\/duolifemarseille.best\/wp-content\/uploads\/2019\/08\/Banner-inter-article-1-768x118.jpg 768w, https:\/\/duolifemarseille.best\/wp-content\/uploads\/2019\/08\/Banner-inter-article-1-350x54.jpg 350w, https:\/\/duolifemarseille.best\/wp-content\/uploads\/2019\/08\/Banner-inter-article-1.jpg 1920w\" sizes=\"(max-width: 767px) 89vw, (max-width: 1000px) 54vw, (max-width: 1071px) 543px, 580px\" \/><\/figure>\n","protected":false},"excerpt":{"rendered":"<p>Ceci n&#8217;est pas le site officiel de DuoLife. DuoLife n&#8217;est pas responsable du contenu publi\u00e9 sur ce site. DuoLife est une r\u00e9ponse aux besoins du march\u00e9. Ses 4 fondateurs sont issus pour deux d\u2019entre eux du monde de l\u2019entreprise et du marketing r\u00e9seau, les deux autres se sont sp\u00e9cialis\u00e9s dans la finance. Chacun d\u2019eux a &hellip; <\/p>\n<p class=\"link-more\"><a href=\"https:\/\/duolifemarseille.best\/index.php\/qui-sommes-nous\/\" class=\"more-link\">Continue reading<span class=\"screen-reader-text\"> &#8220;Qui sommes-nous ?&#8221;<\/span><\/a><\/p>\n","protected":false},"author":1,"featured_media":0,"parent":0,"menu_order":0,"comment_status":"closed","ping_status":"closed","template":"","meta":[],"_links":{"self":[{"href":"https:\/\/duolifemarseille.best\/index.php\/wp-json\/wp\/v2\/pages\/552"}],"collection":[{"href":"https:\/\/duolifemarseille.best\/index.php\/wp-json\/wp\/v2\/pages"}],"about":[{"href":"https:\/\/duolifemarseille.best\/index.php\/wp-json\/wp\/v2\/types\/page"}],"author":[{"embeddable":true,"href":"https:\/\/duolifemarseille.best\/index.php\/wp-json\/wp\/v2\/users\/1"}],"replies":[{"embeddable":true,"href":"https:\/\/duolifemarseille.best\/index.php\/wp-json\/wp\/v2\/comments?post=552"}],"version-history":[{"count":6,"href":"https:\/\/duolifemarseille.best\/index.php\/wp-json\/wp\/v2\/pages\/552\/revisions"}],"predecessor-version":[{"id":791,"href":"https:\/\/duolifemarseille.best\/index.php\/wp-json\/wp\/v2\/pages\/552\/revisions\/791"}],"wp:attachment":[{"href":"https:\/\/duolifemarseille.best\/index.php\/wp-json\/wp\/v2\/media?parent=552"}],"curies":[{"name":"wp","href":"https:\/\/api.w.org\/{rel}","templated":true}]}}