{"id":243,"date":"2019-06-07T14:16:31","date_gmt":"2019-06-07T12:16:31","guid":{"rendered":"http:\/\/duolifemarseille.best\/?page_id=243"},"modified":"2022-01-25T10:40:59","modified_gmt":"2022-01-25T09:40:59","slug":"barres-hi5-beesnap","status":"publish","type":"page","link":"https:\/\/duolifemarseille.best\/index.php\/les-produits\/barres-hi5-beesnap\/","title":{"rendered":"DuoLife Hi5"},"content":{"rendered":"\n<p><strong>Ceci n&#8217;est pas le site officiel de DuoLife.                                                                                                                  DuoLife n&#8217;est pas responsable du contenu publi\u00e9 sur ce site.<\/strong><\/p>\n\n\n\n<p><strong>C\u00e9r\u00e9ales Hi5! beeCrunchy<\/strong><\/p>\n\n\n\n<figure class=\"wp-block-image is-resized\"><img loading=\"lazy\" src=\"http:\/\/duolifemarseille.best\/wp-content\/uploads\/2019\/09\/C\u00e9r\u00e9ales-BeeCrunchy.png\" alt=\"\" class=\"wp-image-627\" width=\"450\" height=\"450\" srcset=\"https:\/\/duolifemarseille.best\/wp-content\/uploads\/2019\/09\/C\u00e9r\u00e9ales-BeeCrunchy.png 900w, https:\/\/duolifemarseille.best\/wp-content\/uploads\/2019\/09\/C\u00e9r\u00e9ales-BeeCrunchy-150x150.png 150w, https:\/\/duolifemarseille.best\/wp-content\/uploads\/2019\/09\/C\u00e9r\u00e9ales-BeeCrunchy-300x300.png 300w, https:\/\/duolifemarseille.best\/wp-content\/uploads\/2019\/09\/C\u00e9r\u00e9ales-BeeCrunchy-768x768.png 768w, https:\/\/duolifemarseille.best\/wp-content\/uploads\/2019\/09\/C\u00e9r\u00e9ales-BeeCrunchy-100x100.png 100w, https:\/\/duolifemarseille.best\/wp-content\/uploads\/2019\/09\/C\u00e9r\u00e9ales-BeeCrunchy-250x250.png 250w, https:\/\/duolifemarseille.best\/wp-content\/uploads\/2019\/09\/C\u00e9r\u00e9ales-BeeCrunchy-350x350.png 350w\" sizes=\"(max-width: 450px) 100vw, 450px\" \/><figcaption>C\u00e9r\u00e9ales BeeCrunchy<\/figcaption><\/figure>\n\n\n\n<p>Le Hi5! beeCrunchy est un m\u00e9lange 100 % naturel et bien \u00e9quilibr\u00e9 de fruits, de l\u00e9gumes et de graines enti\u00e8res bienfaisantes, sans sucres ajout\u00e9s. C\u2019est une riche source de fibres et de graines qui fournissent des ingr\u00e9dients pr\u00e9cieux pour la sant\u00e9. Un repas exceptionnel pour chacun des sept jours de la semaine.<\/p>\n\n\n\n<p>La marque Hi5!, que nos clients connaissent d\u00e9j\u00e0 gr\u00e2ce aux barres beeSnap, ce  sont des produits sans addition de graisses trans, de sirop de  glucose-fructose, d\u2019huile de palme, d\u2019OGM, de conservateurs, d\u2019aspartame  et d\u2019ac\u00e9sulfame K, de sucralose. Le Hi5! beeCrunchy est un produit \u00e0  100 % naturel, sans colorants ni ar\u00f4mes artificiels, qui ne contient pas de bl\u00e9 dans sa composition. <\/p>\n\n\n\n<p>Ingr\u00e9dients : flocons d&#8217;avoine, graines de tournesol, raisins secs (raisins secs, huile de tournesol), flocons de noix de coco, dattes, miel multi-fleurs, noix, graines de citrouille, prunes, m\u00fbrier blanc, baies de Goji, carottes s\u00e9ch\u00e9es, pollen d&#8217;abeille. <\/p>\n\n\n\n<p>&#8211; les baies de goji, class\u00e9es comme super-aliments, sources d\u2019antioxydants,<br>&#8211; les graines de citrouille, de noix ou de tournesol facilitent la r\u00e9duction du taux de cholest\u00e9rol,<br>&#8211; les carottes riches en vitamine A favorisent le fonctionnement de l\u2019\u0153il et ont un effet antioxydant, <br>&#8211; la prune riche en fibres favorise la digestion et abaisse la glyc\u00e9mie dans le sang,<br>&#8211; les raisins secs contiennent beaucoup de potassium et de  vitamine B6, aident \u00e0 r\u00e9guler la pression art\u00e9rielle et \u00e0 r\u00e9duire la  fatigue, favorisant ainsi le fonctionnement du syst\u00e8me nerveux. <br>La composition unique et les meilleurs ingr\u00e9dients font du Hi5!  beeCrunchy un produit inimitable et sans pareil. Il n\u2019y a rien de mieux  pour le corps ! <\/p>\n\n\n\n<p class=\"has-background has-cyan-bluish-gray-background-color\"><strong><em>Pour commander : <a href=\"http:\/\/duolifemarseille.best\/index.php\/boutique\/\">BOUTIQUE<\/a> <\/em><\/strong><\/p>\n\n\n\n<figure class=\"wp-block-image\"><img loading=\"lazy\" width=\"1024\" height=\"158\" src=\"http:\/\/duolifemarseille.best\/wp-content\/uploads\/2019\/09\/Banner-inter-article-1-1024x158.jpg\" alt=\"\" class=\"wp-image-628\" srcset=\"https:\/\/duolifemarseille.best\/wp-content\/uploads\/2019\/09\/Banner-inter-article-1-1024x158.jpg 1024w, https:\/\/duolifemarseille.best\/wp-content\/uploads\/2019\/09\/Banner-inter-article-1-300x46.jpg 300w, https:\/\/duolifemarseille.best\/wp-content\/uploads\/2019\/09\/Banner-inter-article-1-768x118.jpg 768w, https:\/\/duolifemarseille.best\/wp-content\/uploads\/2019\/09\/Banner-inter-article-1-350x54.jpg 350w, https:\/\/duolifemarseille.best\/wp-content\/uploads\/2019\/09\/Banner-inter-article-1.jpg 1920w\" sizes=\"(max-width: 767px) 89vw, (max-width: 1000px) 54vw, (max-width: 1071px) 543px, 580px\" \/><\/figure>\n\n\n\n<p><strong>Barres Hi5 beeSnap<\/strong><\/p>\n\n\n\n<figure class=\"wp-block-image\"><img loading=\"lazy\" width=\"300\" height=\"300\" src=\"http:\/\/duolifemarseille.best\/wp-content\/uploads\/2019\/06\/Barres-Hi5-300x300.png\" alt=\"\" class=\"wp-image-246\" srcset=\"https:\/\/duolifemarseille.best\/wp-content\/uploads\/2019\/06\/Barres-Hi5-300x300.png 300w, https:\/\/duolifemarseille.best\/wp-content\/uploads\/2019\/06\/Barres-Hi5-150x150.png 150w, https:\/\/duolifemarseille.best\/wp-content\/uploads\/2019\/06\/Barres-Hi5-768x768.png 768w, https:\/\/duolifemarseille.best\/wp-content\/uploads\/2019\/06\/Barres-Hi5-100x100.png 100w, https:\/\/duolifemarseille.best\/wp-content\/uploads\/2019\/06\/Barres-Hi5.png 900w\" sizes=\"(max-width: 300px) 100vw, 300px\" \/><figcaption>Barres Hi5 BeeSnap<\/figcaption><\/figure>\n\n\n\n<p>Les barres Hi5! c\u2019est une r\u00e9ponse fonctionnelle aux d\u00e9fis de la vie quotidienne. Sept barres diff\u00e9rentes nous accompagnent sept jours sur sept, toujours \u00e0 port\u00e9e de main. La marque Hi5! c\u2019est le bien absolu ! <\/p>\n\n\n\n<p><strong>Pourquoi Hi5! <\/strong><\/p>\n\n\n\n<p><strong>Parce que ce produit est bon, le bien absolu (power of good) en cinq dimensions.<\/strong><\/p>\n\n\n\n<p>Les barres Hi5! ont \u00e9t\u00e9 d\u00e9velopp\u00e9es pour une composition simple, de qualit\u00e9 et saine. Le bien absolu, naturel\u2026 C\u2019est une combinaison du miel b\u00e9n\u00e9fique pour l\u2019homme depuis des si\u00e8cles, avec un processus de conservation des aliments le plus moderne, la lyophilisation et une m\u00e9thode de soufflage innovante permettant de s\u00e9cher d\u2019autres fruits non lyophilis\u00e9s. Gr\u00e2ce \u00e0 ces deux proc\u00e9d\u00e9s, les fruits ne perdent ni leur ar\u00f4me, ni leur go\u00fbt, ni leur valeur nutritionnelle.    <\/p>\n\n\n\n<p><strong>100% NATURAL    100% SUPERFOODS    100% HANDMADE<\/strong><\/p>\n\n\n\n<p><strong>Bon<\/strong> &#8211;&nbsp;parce que local, avec du miel 100% polonais, fabriqu\u00e9es \u00e0 la main dans une entreprise polonaise. Nous connaissons personnellement les apiculteurs qui s\u2019occupent des abeilles et de la production du miel utilis\u00e9 dans la fabrication de nos barres. Nous v\u00e9rifions soigneusement l\u2019ensemble du processus de production pour garantir des normes de qualit\u00e9 \u00e9lev\u00e9es.&nbsp;                                                                                              <strong>Bien<\/strong> &#8211;&nbsp;parce que sans  exhausteurs,  sans ingr\u00e9dients couramment ajout\u00e9s aux aliments et nocifs pour l\u2019organisme.                                                                                                      <strong>Simple, facile \u00e0 prendre partout avec soi <\/strong>&#8211;&nbsp;une bonne collation, saine \u00e0 tout moment de la journ\u00e9e.                                                                                                                                                                      <strong>Respectueux <\/strong>&#8211;  parce que nous apportons notre brique, pour construire un  monde  meilleur \u2013 nous construisons une maison pour les abeilles.  Les abeilles  sont extr\u00eamement importantes pour le monde. C\u2019est pourquoi nous pensons  que notre mission est de les prot\u00e9ger.&nbsp;                                                                                                                                                   <\/p>\n\n\n\n<p>Les barres sont vendues dans un emballage collectif Bee Snap, dans lequel il y a 14 barres (2 de chaque go\u00fbt).  <\/p>\n\n\n\n<p><strong>Barre BeeStrong<\/strong><\/p>\n\n\n\n<figure class=\"wp-block-image is-resized\"><img loading=\"lazy\" src=\"http:\/\/duolifemarseille.best\/wp-content\/uploads\/2019\/06\/Barres-beeSTRONG-300x103.png\" alt=\"\" class=\"wp-image-249\" width=\"200\" height=\"86\"\/><\/figure>\n\n\n\n<p><strong>Adapt\u00e9 aux&nbsp;activit\u00e9s physiques et sportives !&nbsp;<\/strong><\/p>\n\n\n\n<p>Ingr\u00e9dients : miel multi-fleurs (30%), flocons d\u2019avoine, graines de tournesol, dattes, riz grill\u00e9, lait, lactos\u00e9rum en poudre, flocons de noix de coco, farine de pois verts, amandes, graines de lin, propolis. <\/p>\n\n\n\n<p><strong>Barre BeeVITAL<\/strong><\/p>\n\n\n\n<figure class=\"wp-block-image is-resized\"><img loading=\"lazy\" src=\"http:\/\/duolifemarseille.best\/wp-content\/uploads\/2019\/06\/BeeVITAL-300x103.png\" alt=\"\" class=\"wp-image-251\" width=\"200\" height=\"86\"\/><\/figure>\n\n\n\n<p><strong>Pour une meilleure r\u00e9g\u00e9n\u00e9ration et vitalit\u00e9 !<\/strong><\/p>\n\n\n\n<p>Ingr\u00e9dients : miel multi-fleurs (30%), flocons d\u2019avoine, flocons de noix de coco, riz grill\u00e9, physalis, graines de s\u00e9same, lait, lactos\u00e9rum en poudre, f\u00e8ves de cacao, pollen d\u2019abeille, propolis.<\/p>\n\n\n\n<p><strong>Barre BeeBEAUTY<\/strong><\/p>\n\n\n\n<figure class=\"wp-block-image is-resized\"><img loading=\"lazy\" src=\"http:\/\/duolifemarseille.best\/wp-content\/uploads\/2019\/06\/BeeBeauty-300x103.png\" alt=\"\" class=\"wp-image-253\" width=\"200\" height=\"86\"\/><\/figure>\n\n\n\n<p><strong>Prenez soin de votre beaut\u00e9 ! <\/strong><\/p>\n\n\n\n<p>Ingr\u00e9dients : miel multi-fleurs (30%), flocons d\u2019avoine, abricots, carottes lyophilis\u00e9es, flocons de noix de coco, lait, lactos\u00e9rum en poudre, riz grill\u00e9, graines de s\u00e9same, framboises lyophilis\u00e9es, f\u00e8ves de cacao grill\u00e9es, propolis.<\/p>\n\n\n\n<p><strong>Barre BeeDETOX<\/strong><\/p>\n\n\n\n<figure class=\"wp-block-image is-resized\"><img loading=\"lazy\" src=\"http:\/\/duolifemarseille.best\/wp-content\/uploads\/2019\/06\/BeeDETOX.png\" alt=\"\" class=\"wp-image-255\" width=\"200\" height=\"86\"\/><\/figure>\n\n\n\n<p><strong>Purifiez votre organisme ! <\/strong> <\/p>\n\n\n\n<p>Ingr\u00e9dients : miel de sarrasin (30%), flocons d\u2019avoine, flocons de noix de coco, riz grill\u00e9, graines de s\u00e9same, datte, lait, lactos\u00e9rum en poudre, baies de goji, noix de cajou, f\u00e8ves de cacao grill\u00e9es, propolis.<\/p>\n\n\n\n<p><strong>Barre BeeENERGY<\/strong><\/p>\n\n\n\n<figure class=\"wp-block-image is-resized\"><img loading=\"lazy\" src=\"http:\/\/duolifemarseille.best\/wp-content\/uploads\/2019\/06\/BeeENERGIE.png\" alt=\"\" class=\"wp-image-257\" width=\"200\" height=\"86\"\/><\/figure>\n\n\n\n<p><strong>Menez une vie active !<\/strong> <\/p>\n\n\n\n<p>Ingr\u00e9dients : miel multifleur (30%), flocons d\u2019avoine, flocons de noix de coco, riz grill\u00e9, lait, lactos\u00e9rum en poudre, amandes, noisettes, noix, graines de s\u00e9same, graines de chia d\u2019Espagne, th\u00e9 vert \u2013 matcha, propolis.<\/p>\n\n\n\n<p><strong>Barre BeeSLIM<\/strong><\/p>\n\n\n\n<figure class=\"wp-block-image is-resized\"><img loading=\"lazy\" src=\"http:\/\/duolifemarseille.best\/wp-content\/uploads\/2019\/06\/BeeSLIM-1024x350.png\" alt=\"\" class=\"wp-image-259\" width=\"200\" height=\"86\"\/><\/figure>\n\n\n\n<p><strong>Purifiez-vous, combattez les kilos en trop !&nbsp; <\/strong><\/p>\n\n\n\n<p>Ingr\u00e9dients : miel multifleur (30%), flocons d\u2019avoine, flocons de noix de coco, riz grill\u00e9, datte, noisettes, lait, lactos\u00e9rum en poudre, pommes lyophilis\u00e9es, graines de s\u00e9same, amandes, graines de lin, grains de caf\u00e9 vert, cannelle, propolis.<\/p>\n\n\n\n<p><strong>Barre BeeSMILE<\/strong><\/p>\n\n\n\n<figure class=\"wp-block-image is-resized\"><img loading=\"lazy\" src=\"http:\/\/duolifemarseille.best\/wp-content\/uploads\/2019\/06\/BeeSMILE.png\" alt=\"\" class=\"wp-image-261\" width=\"200\" height=\"86\"\/><\/figure>\n\n\n\n<p><strong>Faites-vous plaisir !<\/strong><\/p>\n\n\n\n<p>Ingr\u00e9dients : miel multi-fleurs (30%), flocons d\u2019avoine, riz grill\u00e9, flocons de noix de coco, lait, lactos\u00e9rum en poudre, pommes lyophilis\u00e9es, graines de s\u00e9same, fraises lyophilis\u00e9s, noisettes, propolis.<\/p>\n\n\n\n<p class=\"has-background has-cyan-bluish-gray-background-color\"><strong><em>Pour commander : <a href=\"http:\/\/duolifemarseille.best\/index.php\/boutique\/\">BOUTIQUE<\/a> <\/em><\/strong><\/p>\n\n\n\n<figure class=\"wp-block-image\"><img loading=\"lazy\" width=\"1024\" height=\"158\" src=\"http:\/\/duolifemarseille.best\/wp-content\/uploads\/2019\/08\/Banner-inter-article-1024x158.jpg\" alt=\"\" class=\"wp-image-490\" srcset=\"https:\/\/duolifemarseille.best\/wp-content\/uploads\/2019\/08\/Banner-inter-article-1024x158.jpg 1024w, https:\/\/duolifemarseille.best\/wp-content\/uploads\/2019\/08\/Banner-inter-article-300x46.jpg 300w, https:\/\/duolifemarseille.best\/wp-content\/uploads\/2019\/08\/Banner-inter-article-768x118.jpg 768w, https:\/\/duolifemarseille.best\/wp-content\/uploads\/2019\/08\/Banner-inter-article-350x54.jpg 350w, https:\/\/duolifemarseille.best\/wp-content\/uploads\/2019\/08\/Banner-inter-article.jpg 1920w\" sizes=\"(max-width: 767px) 89vw, (max-width: 1000px) 54vw, (max-width: 1071px) 543px, 580px\" \/><\/figure>\n","protected":false},"excerpt":{"rendered":"<p>Ceci n&#8217;est pas le site officiel de DuoLife. DuoLife n&#8217;est pas responsable du contenu publi\u00e9 sur ce site. C\u00e9r\u00e9ales Hi5! beeCrunchy Le Hi5! beeCrunchy est un m\u00e9lange 100 % naturel et bien \u00e9quilibr\u00e9 de fruits, de l\u00e9gumes et de graines enti\u00e8res bienfaisantes, sans sucres ajout\u00e9s. C\u2019est une riche source de fibres et de graines qui &hellip; <\/p>\n<p class=\"link-more\"><a href=\"https:\/\/duolifemarseille.best\/index.php\/les-produits\/barres-hi5-beesnap\/\" class=\"more-link\">Continue reading<span class=\"screen-reader-text\"> &#8220;DuoLife Hi5&#8221;<\/span><\/a><\/p>\n","protected":false},"author":1,"featured_media":0,"parent":61,"menu_order":0,"comment_status":"closed","ping_status":"closed","template":"","meta":[],"_links":{"self":[{"href":"https:\/\/duolifemarseille.best\/index.php\/wp-json\/wp\/v2\/pages\/243"}],"collection":[{"href":"https:\/\/duolifemarseille.best\/index.php\/wp-json\/wp\/v2\/pages"}],"about":[{"href":"https:\/\/duolifemarseille.best\/index.php\/wp-json\/wp\/v2\/types\/page"}],"author":[{"embeddable":true,"href":"https:\/\/duolifemarseille.best\/index.php\/wp-json\/wp\/v2\/users\/1"}],"replies":[{"embeddable":true,"href":"https:\/\/duolifemarseille.best\/index.php\/wp-json\/wp\/v2\/comments?post=243"}],"version-history":[{"count":35,"href":"https:\/\/duolifemarseille.best\/index.php\/wp-json\/wp\/v2\/pages\/243\/revisions"}],"predecessor-version":[{"id":798,"href":"https:\/\/duolifemarseille.best\/index.php\/wp-json\/wp\/v2\/pages\/243\/revisions\/798"}],"up":[{"embeddable":true,"href":"https:\/\/duolifemarseille.best\/index.php\/wp-json\/wp\/v2\/pages\/61"}],"wp:attachment":[{"href":"https:\/\/duolifemarseille.best\/index.php\/wp-json\/wp\/v2\/media?parent=243"}],"curies":[{"name":"wp","href":"https:\/\/api.w.org\/{rel}","templated":true}]}}