{"id":127,"date":"2019-06-03T19:25:54","date_gmt":"2019-06-03T17:25:54","guid":{"rendered":"http:\/\/duolifemarseille.best\/?page_id=127"},"modified":"2022-01-25T10:38:15","modified_gmt":"2022-01-25T09:38:15","slug":"soft-marketing","status":"publish","type":"page","link":"https:\/\/duolifemarseille.best\/index.php\/soft-marketing\/","title":{"rendered":"Soft Marketing"},"content":{"rendered":"\n<p><strong>Ceci n&#8217;est pas le site officiel de DuoLife.                                                                                                                                DuoLife n&#8217;est pas responsable du contenu publi\u00e9 sur ce site.<\/strong><\/p>\n\n\n<p>\n<!--StartFragment--><\/p>\n\n\n<p><strong>Soft marketing :<\/strong><br><br> Le SoftMarketing\u2122, d\u00e9sign\u00e9 comme le business du XXI\u00e8me si\u00e8cle, est une r\u00e9ponse aux exigences du march\u00e9 qui \u00e9volue rapidement ; Il est un mi-chemin entre le syst\u00e8me de franchise et le marketing de r\u00e9seau.<br> Il constitue aussi une solution alternative pour les entrepreneurs et salari\u00e9 qui peuvent \u00e9largir leurs activit\u00e9s avec Duolife.<br> Le secteur du bien-\u00eatre conna\u00eet une croissance de pr\u00e8s de 30 % par an.                                                                        Les activit\u00e9s de DuoLife \u00e9tant bas\u00e9es sur le SoftMarketing\u2122, le d\u00e9veloppement de l&#8217;entreprise est beaucoup plus rapide, car elle attire des personnes issues de milieux sociaux et culturels divers. De nombreux succ\u00e8s des personnes qui coop\u00e8rent avec DuoLife ne font que confirmer l&#8217;efficacit\u00e9 de ce mod\u00e8le.<\/p>\n\n\n\n<p><strong>Les diff\u00e9rents types de clients \/ ambassadeurs :<\/strong><\/p>\n\n\n\n<ul><li>Le client au d\u00e9tail : Le consommateur ach\u00e8te tout simplement des produits pour des prix au d\u00e9tail. Aucune inscription sur le site. Sans minimum d\u2019achat, livr\u00e9 \u00e0 domicile \u00e0 un prix au d\u00e9tail.<\/li><li>Le client pr\u00e9f\u00e9rentiel : Il s\u2019enregistre dans le syst\u00e8me, ach\u00e8te au moins un produit et b\u00e9n\u00e9ficie de prix r\u00e9duits pour toute la gamme. Sans minimum d\u2019achat, livr\u00e9 \u00e0 domicile \u00e0 un tarif privil\u00e8ge et sans abonnement.<\/li><li>Le Club Member : Premi\u00e8re commande sup\u00e9rieure \u00e0 250 points. Le Club Member s\u2019enregistre dans le syst\u00e8me et fait ses achats sup\u00e9rieurs \u00e0 250 points.<br> \u2713 Avantages : Prix club member, bonus de fid\u00e9lit\u00e9 tous les 4 mois (mini<br> gift pack si 250), possible commission de la structure discount \u00e0 100%<br> avec le nouveau plan de compensation et commission sur la marge<br> pour les premiers achats des nouveaux membres recommand\u00e9s.<br> Possibilit\u00e9 de passer en club member carri\u00e8re en refaisant une commande \u00e0 250 points dans la m\u00eame p\u00e9riode ou en compl\u00e9tant avec des commandes clients d\u00e9passant 250 points dans la m\u00eame p\u00e9riode aussi.<br>A partir du moment ou vous \u00eates un club member qui a une activit\u00e9 personnelle \u00e0 minimum 500 points (commandes perso et\/ou commandes clients) vous \u00eates \u00e9ligibles \u00e0 l\u2019activit\u00e9 business et devenez ainsi un Club Member Carri\u00e8re.<\/li><li>Le Club Member carri\u00e8re : Premi\u00e8re commande sup\u00e9rieure \u00e0 500 points. Le Club Member s\u2019enregistre dans le syst\u00e8me et fait ses achats sup\u00e9rieurs \u00e0 500 points.                                                                                                                                                                        \u2713 Avantages : Prix club member, bonus de fid\u00e9lit\u00e9 tous les 4 mois (maxi gift pack si &gt; 500 points), possible commission de la structure discount \u00e0 100%, commission sur la marge pour les premiers achats des nouveaux membres recommand\u00e9s commission suppl\u00e9mentaire sur la structure carri\u00e8re \u00e0 partir de TEAM LEADER, et participation aux programmes flotte, voyage et tous les bonus positions. \u2713 Vous faites ainsi le choix de d\u00e9marrer votre entreprise \u00e0 domicile, b\u00e9n\u00e9ficiez de tarifs distributeurs et de l\u2019ouverture du plan de commission avec tous les avantage offerts par le syst\u00e8me de r\u00e9mun\u00e9ration. <\/li><\/ul>\n\n\n\n<p><strong>Le plan de r\u00e9mun\u00e9ration :<\/strong><\/p>\n\n\n\n<p>Valeur des points : 1 point = \u00e0 0,25 \u20ac Soit exemple 250 points = 62,50 \u20ac<\/p>\n\n\n\n<p>     \u25aa Commissions importantes de base :<\/p>\n\n\n\n<ul><li>Commission sur les ventes au d\u00e9tail \u00e0 hauteur de 30 \u00e0 40 % (variable selon les produits) (Diff\u00e9rence entre prix au d\u00e9tail et prix distributeur)<\/li><li>Commission sur les clients pr\u00e9f\u00e9rentiels r\u00e9f\u00e9renc\u00e9s directement 15 \u00e0 20 % (Diff\u00e9rence entre prix privil\u00e8ge et prix distributeur)<\/li><li>Commission de 20% sur les achats r\u00e9alis\u00e9s par vos distributeurs (inscrits par vous m\u00eame) 1 fois \u00e0 l\u2019inscription, puis % ensuite sur le volume variable en fonction du statut de qualification GL, JTL, TL, EL, RM, etc\u2026                                                                                                                                                                                                                 <br> \u25aa Les clients au d\u00e9tail et pr\u00e9f\u00e9rentiels comptent pour les points personnels<br> \u25aa Les 500 points peuvent \u00eatre fait avec ses clients au d\u00e9tail, ses clients pr\u00e9f\u00e9rentiels ou ses commandes personnelles<br> \u25aa Les points* faits personnellement, avec les clients ou ses commandes personnelles permettent \u00e9galement d\u2019atteindre les qualifications (groupe leader, team leader etc\u2026) *Jusqu\u2019\u00e0 2000 points personnels sont comptabilis\u00e9s<br> pour vos passages de positions.<br> \u25aa A chaque position pass\u00e9e, vous touchez une prime mensuelle calcul\u00e9e en fonction du chiffre d\u2019affaire de la soci\u00e9t\u00e9, bonus maintenant MENSUEL \u00e0 aller chercher tous les mois.<br> \u25aa Prime de participation pour la position de Groupe Leader (participe au partage de 1% du chiffre d\u2019affaires en points global de la soci\u00e9t\u00e9 divis\u00e9 par le nombre de GL), Junior Team Leader (participe au partage global de 1% du chiffre d\u2019affaires en points global de la soci\u00e9t\u00e9 divis\u00e9 par le nombre de JTL), Team Leader (participe \u00e0 la r\u00e9partition de 2% de l\u2019ensemble du CA de la soci\u00e9t\u00e9 exprim\u00e9 en points\u2026..) , Executif Leader (participe \u00e0 la r\u00e9partition de 1,5% de l\u2019ensemble du CA de la soci\u00e9t\u00e9 exprim\u00e9 en points\u2026..) etc\u2026.<br> \u25aa Acc\u00e8s aux formations d\u2019\u00e9quipe et supports \u00ab gratuits \u00bb, primes d\u2019avancements, v\u00e9hicules, voyages, acc\u00e8s d\u00e8s votre inscription \u00e0 un revenu exponentiel et sans limites!<\/li><\/ul>\n\n\n\n<p><strong>Comment s\u2019inscrire en tant que Club Member Carri\u00e8re ?<\/strong><\/p>\n\n\n\n<p>Pour s\u2019inscrire en tant que Club Member carri\u00e8re, vous devez passer une commande avec un minimum de 500 points. Une personne peut \u00e9galement passer une premi\u00e8re commande de 250 points et repasser une autre commande de 250 points dans le mois ou combler avec des commandes de client au d\u00e9tail ou privil\u00e8ge. (\u00c0 \u00e9viter malgr\u00e9 tout et \u00e0 faire en dernier recours si manque de moyen financier). Vos points sont valables le nombre de jour correspondant au mois dans lequel vous vous \u00eatres inscrits. (30 jours si vous vous \u00eates inscrit par exemple en juin et 31 jours si vous vous \u00eates inscrit par exemple en juillet)<\/p>\n\n\n\n<p><strong>Comment se qualifier pour toucher les commissions tous les mois ?<\/strong><\/p>\n\n\n\n<p>Avoir une activit\u00e9 minimum de 250 points.<br> \u2022 Si 250 points &lt; 500 : vous percevrez seulement vos com ventes et structure discount. Vous \u00eates club member simple. \u2022 Si &gt; 500 points : vous \u00eates alors club member carri\u00e8re et donc \u00e9ligible \u00e0 l\u2019activit\u00e9 business ! Vous percevrez vos com ventes, vos com positions, vos com bonus, structure discount, structure carri\u00e8re, acc\u00e8s au bonus voiture, voyage etc\u2026.<br> \u2022 Comment faire vos points perso ? Avec des commandes perso ou des commandes clients au d\u00e9tail ou client privil\u00e8ge (ancien ou nouveau clients compris). Ex : si vous avez 2 clients fid\u00e8le qui vous commandent tous les mois un DuoLife jour et nuit : vous \u00eates \u00e9ligible \u00e0 l\u2019activit\u00e9 business club member carri\u00e8re !!! M\u00eame pas besoin de passer une commande perso !<\/p>\n\n\n\n<p><strong>Ind\u00e9pendant mais jamais seul<\/strong><\/p>\n\n\n\n<p>Soutien d\u2019une \u00e9quipe, supports de formation gratuits, visioconf\u00e9rences  hebdomadaire de professionnalisation, s\u00e9minaires de coh\u00e9sion En rejoignant DuoLife, vous rejoignez aussi des valeurs et une \u00e9thique ! Sant\u00e9, sensibilisation, actions humanitaire, respect de l\u2019environnement, libert\u00e9, finance, ind\u00e9pendance, agir pour votre futur et celui de vos proches !<\/p>\n\n\n\n<p><strong>Pourquoi rejoindre DuoLife ?<\/strong><\/p>\n\n\n\n<p>Tout le monde peut trouver sa raison \u00e0 faire DuoLife, au del\u00e0 de l\u2019aspect financer, la sant\u00e9 est un pilier tellement important aujourd\u2019hui que cela peut \u00eatre \u00e9galement une premi\u00e8re cause d\u2019engagement.<br>Les produits DuoLife apportent une v\u00e9ritable r\u00e9ponse \u00e0 tous au quotidien.<br>De nombreuses personnes recommandent d\u00e9j\u00e0  DuoLife  chaque jour !<br>C\u2019est s\u2019offrir la chance de vivre mieux et de pouvoir se r\u00e9aliser autour d\u2019un beau projet en m\u00eame temps.<br>Comment ? Par la M\u00e9thode de la recommandation. Vous utilisez d\u00e9j\u00e0 le bouche \u00e0 oreille chaque jour,  DuoLife  se recommande de la m\u00eame mani\u00e8re.<br>Partagez votre ressenti produits et la partie business, faites d\u00e9couvrir autour de vous qu\u2019il existe un magnifique concept et agrandissez votre \u00e9quipe.<br>Gagnez en confiance et d\u00e9veloppez de nouvelles comp\u00e9tences ! Personne ne dit que ce sera facile, mais une chose est certaine, tout est possible et r\u00e9alisable !<\/p>\n\n\n\n<p><strong>ON SE LANCE ? <\/strong><\/p>\n\n\n\n<p> 1 &#8211; S\u2019inscrire aupr\u00e8s de votre parrain \/ marraine DuoLife.<br> 2 &#8211; Int\u00e9grer et se familiariser avec tous les outils mis en place, la fiche de route bon<br> d\u00e9marrage, le plan bon d\u00e9marrage, les groupes support et la drop box.<br> 3 &#8211; Visionner la vid\u00e9o Bon d\u00e9marrage et le zoom Go team Leader<br> 4 &#8211; Se former avec les fiches techniques produits et les supports vid\u00e9os.<br> 5 &#8211; Tester les produits, ce sera sans doute votre meilleur outil, votre t\u00e9moignage aura un impact positif sur votre avanc\u00e9e ! Recommandez comme vous le feriez pour un bon restaurant ou un film d\u2019exception ! C\u2019est la cl\u00e9 du succ\u00e8s !<br> 6 &#8211; Utilisez des outils, comme le catalogue \u00ab d\u00e9couvrez nous \u00bb, ou le Powerpoint, ouvrez les esprits et montrez les atouts de la compagnie DUOLIFE ! \u00c0 force de pratique vous deviendrez un pro de la recommandation et agrandirez de mani\u00e8re \u00e9volutive votre affaire !<br> 7 &#8211; Partager les pr\u00e9sentations d\u2019opportunit\u00e9 et inviter des personnes \u00e0 d\u00e9couvrir<br>votre activit\u00e9.<br> 8 &#8211; Offrez la possibilit\u00e9 \u00e0 3 personnes d\u2019int\u00e9grer cette opportunit\u00e9, \u00e0 3 personnes de tester vos produits et faites dupliquer ce syst\u00e8me \u00e0 toutes vos recrues ! Vous allez cr\u00e9er une machine \u00e0 Team Leader qui agrandira votre \u00e9quipe et vous fera grandir par la suite.<br> 9 &#8211; Restez vous m\u00eame, soyez convaincu par ce que vous faites et diffusez votre enthousiasme autour de vous sur ce fabuleux concept !<br> 10 &#8211; Dupliquer autour de vous cette roue du succ\u00e8s et aider votre \u00e9quipe \u00e0 grandir en aidant un maximum de personnes \u00e0 avoir plus de mieux \u00eatre et une meilleure sant\u00e9 financi\u00e8re.<\/p>\n\n\n<p><!--EndFragment--><\/p>","protected":false},"excerpt":{"rendered":"<p>Ceci n&#8217;est pas le site officiel de DuoLife. DuoLife n&#8217;est pas responsable du contenu publi\u00e9 sur ce site. Soft marketing : Le SoftMarketing\u2122, d\u00e9sign\u00e9 comme le business du XXI\u00e8me si\u00e8cle, est une r\u00e9ponse aux exigences du march\u00e9 qui \u00e9volue rapidement ; Il est un mi-chemin entre le syst\u00e8me de franchise et le marketing de r\u00e9seau. &hellip; <\/p>\n<p class=\"link-more\"><a href=\"https:\/\/duolifemarseille.best\/index.php\/soft-marketing\/\" class=\"more-link\">Continue reading<span class=\"screen-reader-text\"> &#8220;Soft Marketing&#8221;<\/span><\/a><\/p>\n","protected":false},"author":1,"featured_media":0,"parent":0,"menu_order":0,"comment_status":"closed","ping_status":"closed","template":"","meta":[],"_links":{"self":[{"href":"https:\/\/duolifemarseille.best\/index.php\/wp-json\/wp\/v2\/pages\/127"}],"collection":[{"href":"https:\/\/duolifemarseille.best\/index.php\/wp-json\/wp\/v2\/pages"}],"about":[{"href":"https:\/\/duolifemarseille.best\/index.php\/wp-json\/wp\/v2\/types\/page"}],"author":[{"embeddable":true,"href":"https:\/\/duolifemarseille.best\/index.php\/wp-json\/wp\/v2\/users\/1"}],"replies":[{"embeddable":true,"href":"https:\/\/duolifemarseille.best\/index.php\/wp-json\/wp\/v2\/comments?post=127"}],"version-history":[{"count":3,"href":"https:\/\/duolifemarseille.best\/index.php\/wp-json\/wp\/v2\/pages\/127\/revisions"}],"predecessor-version":[{"id":795,"href":"https:\/\/duolifemarseille.best\/index.php\/wp-json\/wp\/v2\/pages\/127\/revisions\/795"}],"wp:attachment":[{"href":"https:\/\/duolifemarseille.best\/index.php\/wp-json\/wp\/v2\/media?parent=127"}],"curies":[{"name":"wp","href":"https:\/\/api.w.org\/{rel}","templated":true}]}}